{"id":520,"date":"2024-05-06T16:27:43","date_gmt":"2024-05-06T16:27:43","guid":{"rendered":"https:\/\/acc.bravo.ci\/?page_id=520"},"modified":"2025-05-19T13:35:41","modified_gmt":"2025-05-19T13:35:41","slug":"word-from-head-of-cocoa-business","status":"publish","type":"page","link":"https:\/\/atlantic-cocoacorporation.net\/fr\/word-from-head-of-cocoa-business\/","title":{"rendered":"Mot du Directeur P\u00f4le Cacao"},"content":{"rendered":"<p>[et_pb_section fb_built=&#8221;1&#8243; fullwidth=&#8221;on&#8221; _builder_version=&#8221;4.24.2&#8243; _module_preset=&#8221;default&#8221; da_disable_devices=&#8221;off|off|off&#8221; global_colors_info=&#8221;{}&#8221; da_is_popup=&#8221;off&#8221; da_exit_intent=&#8221;off&#8221; da_has_close=&#8221;on&#8221; da_alt_close=&#8221;off&#8221; da_dark_close=&#8221;off&#8221; da_not_modal=&#8221;on&#8221; da_is_singular=&#8221;off&#8221; da_with_loader=&#8221;off&#8221; da_has_shadow=&#8221;on&#8221;][et_pb_fullwidth_image src=&#8221;https:\/\/acc.bravo.ci\/wp-content\/uploads\/2024\/12\/abidjan-plant.jpg&#8221; title_text=&#8221;abidjan plant&#8221; _builder_version=&#8221;4.27.4&#8243; _module_preset=&#8221;default&#8221; global_colors_info=&#8221;{}&#8221;][\/et_pb_fullwidth_image][\/et_pb_section][et_pb_section fb_built=&#8221;1&#8243; admin_label=&#8221;section&#8221; _builder_version=&#8221;4.25.1&#8243; custom_padding=&#8221;||||false|false&#8221; da_disable_devices=&#8221;off|off|off&#8221; global_colors_info=&#8221;{}&#8221; da_is_popup=&#8221;off&#8221; da_exit_intent=&#8221;off&#8221; da_has_close=&#8221;on&#8221; da_alt_close=&#8221;off&#8221; da_dark_close=&#8221;off&#8221; da_not_modal=&#8221;on&#8221; da_is_singular=&#8221;off&#8221; da_with_loader=&#8221;off&#8221; da_has_shadow=&#8221;on&#8221;][et_pb_row _builder_version=&#8221;4.24.2&#8243; _module_preset=&#8221;default&#8221; locked=&#8221;off&#8221; global_colors_info=&#8221;{}&#8221;][et_pb_column type=&#8221;4_4&#8243; _builder_version=&#8221;4.24.2&#8243; _module_preset=&#8221;default&#8221; global_colors_info=&#8221;{}&#8221;][et_pb_divider show_divider=&#8221;off&#8221; disabled_on=&#8221;on|on|off&#8221; _builder_version=&#8221;4.24.2&#8243; _module_preset=&#8221;default&#8221; locked=&#8221;off&#8221; global_colors_info=&#8221;{}&#8221;][\/et_pb_divider][et_pb_post_title meta=&#8221;off&#8221; featured_image=&#8221;off&#8221; _builder_version=&#8221;4.25.1&#8243; _module_preset=&#8221;default&#8221; title_font=&#8221;|600|||||||&#8221; title_text_align=&#8221;center&#8221; title_text_color=&#8221;#00568b&#8221; title_font_size=&#8221;3vw&#8221; title_font_size_tablet=&#8221;40px&#8221; title_font_size_phone=&#8221;30px&#8221; title_font_size_last_edited=&#8221;on|phone&#8221; custom_css_free_form=&#8221;\/*selector::before {||  content:%22%22;||\tbackground: url(%22https:\/\/acc.bravo.ci\/wp-content\/uploads\/2024\/03\/cocoa.png%22) no-repeat center;||\tbackground-size: contain;\t||\twidth: 100px;||\theight: 100px;||}||selector {||  display: flex;||\tflex-direction: column;||\talign-items: center;||}||||@media (max-width: 980px) {||  selector::before {||    width: 70px;||    height: 70px;||  }||}*\/&#8221; global_colors_info=&#8221;{}&#8221;][\/et_pb_post_title][\/et_pb_column][\/et_pb_row][\/et_pb_section][et_pb_section fb_built=&#8221;1&#8243; make_equal=&#8221;on&#8221; use_custom_gutter=&#8221;on&#8221; gutter_width=&#8221;2&#8243; specialty=&#8221;on&#8221; bg_img_1=&#8221;https:\/\/atlantic-cocoacorporation.net\/wp-content\/uploads\/2025\/05\/DG.png&#8221; background_size_1=&#8221;cover&#8221; padding_bottom_1=&#8221;0px&#8221; padding_top_bottom_link_1=&#8221;false&#8221; padding_left_right_link_1=&#8221;false&#8221; custom_css_main_1=&#8221;@media (min-width: 981px) {||  height: 50vw;||  display: flex;||  flex-direction: column;||  justify-content: flex-end;||}&#8221; _builder_version=&#8221;4.27.4&#8243; _module_preset=&#8221;default&#8221; background_enable_image=&#8221;off&#8221; inner_width=&#8221;98%&#8221; custom_padding=&#8221;0px|2%|0px|2%|true|true&#8221; hover_enabled=&#8221;0&#8243; da_disable_devices=&#8221;off|off|off&#8221; global_colors_info=&#8221;{}&#8221; title_text=&#8221;DG&#8221; sticky_enabled=&#8221;0&#8243; da_is_popup=&#8221;off&#8221; da_exit_intent=&#8221;off&#8221; da_has_close=&#8221;on&#8221; da_alt_close=&#8221;off&#8221; da_dark_close=&#8221;off&#8221; da_not_modal=&#8221;on&#8221; da_is_singular=&#8221;off&#8221; da_with_loader=&#8221;off&#8221; da_has_shadow=&#8221;on&#8221;][et_pb_column type=&#8221;1_3&#8243; _builder_version=&#8221;4.16&#8243; custom_padding=&#8221;|||&#8221; global_colors_info=&#8221;{}&#8221; custom_padding__hover=&#8221;|||&#8221;][et_pb_text _builder_version=&#8221;4.27.4&#8243; _module_preset=&#8221;default&#8221; text_font=&#8221;||||||||&#8221; text_text_color=&#8221;#FFFFFF&#8221; header_3_text_color=&#8221;#FFFFFF&#8221; background_color=&#8221;#FFFFFF&#8221; custom_padding=&#8221;5%|4%|5%|4%|true|true&#8221; hover_enabled=&#8221;0&#8243; global_colors_info=&#8221;{}&#8221; sticky_enabled=&#8221;0&#8243;]<\/p>\n<h3 style=\"text-align: center;\"><span style=\"color: #11578d;\"><strong>GNINAHOPHIN Pierre OUATTARA<\/strong><\/span><\/h3>\n<p style=\"text-align: center;\"><span style=\"color: #11578d;\"><em>Chef de l'activit\u00e9 cacao du groupe<\/em><\/span><\/p>\n<p>[\/et_pb_text][\/et_pb_column][et_pb_column type=&#8221;2_3&#8243; specialty_columns=&#8221;2&#8243; _builder_version=&#8221;4.16&#8243; custom_padding=&#8221;|||&#8221; global_colors_info=&#8221;{}&#8221; custom_padding__hover=&#8221;|||&#8221;][et_pb_row_inner _builder_version=&#8221;4.24.2&#8243; _module_preset=&#8221;default&#8221; global_colors_info=&#8221;{}&#8221;][et_pb_column_inner saved_specialty_column_type=&#8221;2_3&#8243; _builder_version=&#8221;4.24.2&#8243; _module_preset=&#8221;default&#8221; global_colors_info=&#8221;{}&#8221;][et_pb_text _builder_version=&#8221;4.27.3&#8243; _module_preset=&#8221;default&#8221; text_font=&#8221;|300|||||||&#8221; text_text_color=&#8221;#000000&#8243; text_font_size=&#8221;1vw&#8221; text_line_height=&#8221;1.4em&#8221; background_color=&#8221;#FFFFFF&#8221; text_orientation=&#8221;justified&#8221; custom_padding=&#8221;10px||10px||true|false&#8221; text_font_size_tablet=&#8221;16px&#8221; text_font_size_phone=&#8221;13px&#8221; text_font_size_last_edited=&#8221;on|phone&#8221; global_colors_info=&#8221;{}&#8221;]<\/p>\n<p><strong>Cher partenaire,<\/strong><\/p>\n<p><strong>Atlantic Cocoa Corporation (ACC)<\/strong> est n\u00e9 de <strong>M. KONE DOSSONGUI<\/strong>\u2019L'objectif est de r\u00e9pondre au souhait des gouvernements africains d'augmenter les capacit\u00e9s de transformation locale de leurs mati\u00e8res premi\u00e8res.<\/p>\n<p>Cela s'est concr\u00e9tis\u00e9 par la mise en service en d\u00e9cembre 2020 d'une usine de transformation de cacao de 48 000 MT extensible \u00e0 64 000 MT dans la zone industrielle du port de Kribi au Cameroun et la pose de la premi\u00e8re pierre en octobre 2022 d'une usine similaire d'une capacit\u00e9 de 64 000 MT extensible \u00e0 100 000 MT \u00e0 San Pedro - C\u00f4te d'Ivoire.<\/p>\n<p>Apr\u00e8s seulement 3 ans d'activit\u00e9s dans l'usine du Cameroun, nous pouvons nous r\u00e9jouir des performances r\u00e9alis\u00e9es en tenant compte de la situation de l'\u00e9conomie mondiale depuis COVID-19 et plus r\u00e9cemment, alors qu'une reprise \u00e9tait attendue, de l'av\u00e8nement du conflit russo-ukrainien.<\/p>\n<p>En effet, nous avons r\u00e9ussi \u00e0 obtenir une croissance significative des volumes, en partant du broyage de 6 000 MT en 2021 dans l'usine du Cameroun, \u00e0 22 000 MT en 2022, et en visant 40 000 MT en 2025.<\/p>\n<p>Cette performance est le r\u00e9sultat de notre engagement \u00e0 nous positionner sur le march\u00e9 international en offrant \u00e0 nos clients des produits conformes aux normes et standards internationaux afin de r\u00e9pondre aux besoins des plus grands chocolatiers.<\/p>\n<p>En t\u00e9moigne le nombre de certificats obtenus en si peu de temps afin de r\u00e9pondre efficacement aux besoins d'un march\u00e9 de plus en plus exigeant : <strong>ISO 9001:2015, FSSC 22000 V 5.1, Halal, Kosher, Novolyse 6 Log, Rainforest Alliance, Fairtrade, SEDEX 4 piliers<\/strong>.<\/p>\n<p>Nous nous r\u00e9jouissons que notre jeune \u00e9quipe ait compris le d\u00e9fi qui est le n\u00f4tre et s'implique quotidiennement avec d\u00e9vouement pour la satisfaction de tous nos partenaires que vous \u00eates.<\/p>\n<p>Se concentrer sur des jeunes inexp\u00e9riment\u00e9s directement issus des meilleures universit\u00e9s et \u00e9coles nationales \u00e9tait un grand risque que nous avons pris pour r\u00e9pondre aux probl\u00e8mes de l'emploi des jeunes, assurer un transfert interg\u00e9n\u00e9rationnel des comp\u00e9tences et offrir une chance \u00e0 des personnes qui se sont distingu\u00e9es par leur excellence acad\u00e9mique.<\/p>\n<p>Nous sommes fiers de voir ces jeunes travailler aujourd'hui avec comp\u00e9tence, autonomie et sans complexe \u00e0 des postes de direction.<\/p>\n<p>Cher partenaire, sur le chemin de l'usine verte de San Pedro, nous avons pris en charge <strong>CONDICAF<\/strong> usine d'Abidjan d'une capacit\u00e9 de 48 000 MT de capacit\u00e9 de broyage d'\u00e9quivalent f\u00e8ves. Nous avons le plaisir de vous informer que nous reprenons la production sur ce site depuis octobre 2024 et sommes tr\u00e8s heureux de continuer \u00e0 donner des emplois \u00e0 des jeunes talentueux.<\/p>\n<p>Aujourd'hui avec l'usine de Kribi (Cameroun), l'usine d'Abidjan (C\u00f4te d'Ivoire), demain avec l'usine de San Pedro (C\u00f4te d'Ivoire), nous vous servirons les m\u00eames produits de cacao de qualit\u00e9 (liqueur, beurre, tourteau et poudre) sous une marque unique (ACC) avec deux origines.<\/p>\n<p>Notre ambition est de transmettre aux g\u00e9n\u00e9rations actuelles et futures la volont\u00e9 d'am\u00e9liorer les conditions de vie des populations et notamment des planteurs de cacao par la transformation \u00e0 l'origine.<\/p>\n<p>[\/et_pb_text][\/et_pb_column_inner][\/et_pb_row_inner][\/et_pb_column][\/et_pb_section]<\/p>","protected":false},"excerpt":{"rendered":"<p>GNINAHOPHIN Pierre OUATTARA Head of Group Cocoa BusinessDear partner, Atlantic Cocoa Corporation (ACC) was born from Mr. KONE DOSSONGUI\u2019s desire to respond to African governments wish to increase the local processing capacities of their raw material. This was materialized with the commissioning in December 2020 of a 48,000 MT cocoa processing plant expandable to 64,000 [&hellip;]<\/p>","protected":false},"author":2,"featured_media":0,"parent":0,"menu_order":0,"comment_status":"closed","ping_status":"closed","template":"","meta":{"_et_pb_use_builder":"on","_et_pb_old_content":"","_et_gb_content_width":"","pgc_sgb_lightbox_settings":"","footnotes":""},"class_list":["post-520","page","type-page","status-publish","hentry"],"_links":{"self":[{"href":"https:\/\/atlantic-cocoacorporation.net\/fr\/wp-json\/wp\/v2\/pages\/520","targetHints":{"allow":["GET"]}}],"collection":[{"href":"https:\/\/atlantic-cocoacorporation.net\/fr\/wp-json\/wp\/v2\/pages"}],"about":[{"href":"https:\/\/atlantic-cocoacorporation.net\/fr\/wp-json\/wp\/v2\/types\/page"}],"author":[{"embeddable":true,"href":"https:\/\/atlantic-cocoacorporation.net\/fr\/wp-json\/wp\/v2\/users\/2"}],"replies":[{"embeddable":true,"href":"https:\/\/atlantic-cocoacorporation.net\/fr\/wp-json\/wp\/v2\/comments?post=520"}],"version-history":[{"count":6,"href":"https:\/\/atlantic-cocoacorporation.net\/fr\/wp-json\/wp\/v2\/pages\/520\/revisions"}],"predecessor-version":[{"id":1570,"href":"https:\/\/atlantic-cocoacorporation.net\/fr\/wp-json\/wp\/v2\/pages\/520\/revisions\/1570"}],"wp:attachment":[{"href":"https:\/\/atlantic-cocoacorporation.net\/fr\/wp-json\/wp\/v2\/media?parent=520"}],"curies":[{"name":"wp","href":"https:\/\/api.w.org\/{rel}","templated":true}]}}